{"id":31,"date":"2015-11-20T18:35:36","date_gmt":"2015-11-20T17:35:36","guid":{"rendered":"http:\/\/margauxathome.com\/?page_id=31"},"modified":"2026-02-27T16:43:15","modified_gmt":"2026-02-27T15:43:15","slug":"cocktails","status":"publish","type":"page","link":"https:\/\/ateliermargaux.fr\/index.php\/traiteur\/cocktails\/","title":{"rendered":"Cocktails"},"content":{"rendered":"<h3 data-start=\"126\" data-end=\"176\"><span style=\"color: #ba9a6a;\">Avec Atelier Margaux, un cocktail sur mesure<\/span><\/h3>\n<p data-start=\"177\" data-end=\"404\">Oubliez les plateaux de petits fours classiques : nous vous proposons <span style=\"color: #ba9a6a;\">des cr\u00e9ations raffin\u00e9es<\/span>, <span style=\"color: #ba9a6a;\">des bouch\u00e9es inventives<\/span> et <span style=\"color: #ba9a6a;\">des accords de saveurs surprenants<\/span>, enti\u00e8rement con\u00e7us selon vos envies et le th\u00e8me de votre \u00e9v\u00e9nement.<\/p>\n<p data-start=\"406\" data-end=\"596\">Nos prestations sont r\u00e9alis\u00e9es pour un minimum de <span style=\"color: #ba9a6a;\">15 personnes<\/span>.<\/p>\n<p data-start=\"406\" data-end=\"596\">Demandez votre devis via notre page <a href=\"https:\/\/ateliermargaux.fr\/index.php\/contact\/\">contact<\/a> et laissez-nous <span style=\"color: #ba9a6a;\">sublimer votre \u00e9v\u00e9nement<\/span> avec une <span style=\"color: #ba9a6a;\">exp\u00e9rience culinaire unique<\/span>.<\/p>\n<p data-start=\"406\" data-end=\"596\"><a  class=\"pixcode  pixcode--btn  btn\" href=\"https:\/\/carteateliermargaux.my.canva.site\/carte-printemps-ete\" target=\"_blank\">CARTE ATELIER MARGAUX<\/a>\n\n\n<figure class=\"wp-block-image\"><img loading=\"lazy\" decoding=\"async\" width=\"2560\" height=\"1707\" src=\"https:\/\/ateliermargaux.fr\/wp-content\/uploads\/2024\/11\/24-margaux0551-1-scaled.jpg\" alt=\"\" class=\"wp-image-1138\" srcset=\"https:\/\/ateliermargaux.fr\/wp-content\/uploads\/2024\/11\/24-margaux0551-1-scaled.jpg 2560w, https:\/\/ateliermargaux.fr\/wp-content\/uploads\/2024\/11\/24-margaux0551-1-300x200.jpg 300w, https:\/\/ateliermargaux.fr\/wp-content\/uploads\/2024\/11\/24-margaux0551-1-1024x683.jpg 1024w, https:\/\/ateliermargaux.fr\/wp-content\/uploads\/2024\/11\/24-margaux0551-1-768x512.jpg 768w, https:\/\/ateliermargaux.fr\/wp-content\/uploads\/2024\/11\/24-margaux0551-1-1536x1024.jpg 1536w\" sizes=\"auto, (max-width: 2560px) 100vw, 2560px\" \/><\/figure>\n","protected":false},"excerpt":{"rendered":"<p>Avec Atelier Margaux, un cocktail sur mesure Oubliez les plateaux de petits fours classiques : nous vous proposons des cr\u00e9ations raffin\u00e9es, des bouch\u00e9es inventives et des accords de saveurs surprenants, enti\u00e8rement con\u00e7us selon vos envies et le th\u00e8me de votre \u00e9v\u00e9nement. Nos prestations sont r\u00e9alis\u00e9es pour un minimum de 15 personnes. Demandez votre devis via..<\/p>\n","protected":false},"author":1,"featured_media":558,"parent":39,"menu_order":0,"comment_status":"closed","ping_status":"closed","template":"","meta":{"footnotes":""},"class_list":["post-31","page","type-page","status-publish","has-post-thumbnail","hentry"],"_links":{"self":[{"href":"https:\/\/ateliermargaux.fr\/index.php\/wp-json\/wp\/v2\/pages\/31","targetHints":{"allow":["GET"]}}],"collection":[{"href":"https:\/\/ateliermargaux.fr\/index.php\/wp-json\/wp\/v2\/pages"}],"about":[{"href":"https:\/\/ateliermargaux.fr\/index.php\/wp-json\/wp\/v2\/types\/page"}],"author":[{"embeddable":true,"href":"https:\/\/ateliermargaux.fr\/index.php\/wp-json\/wp\/v2\/users\/1"}],"replies":[{"embeddable":true,"href":"https:\/\/ateliermargaux.fr\/index.php\/wp-json\/wp\/v2\/comments?post=31"}],"version-history":[{"count":28,"href":"https:\/\/ateliermargaux.fr\/index.php\/wp-json\/wp\/v2\/pages\/31\/revisions"}],"predecessor-version":[{"id":1263,"href":"https:\/\/ateliermargaux.fr\/index.php\/wp-json\/wp\/v2\/pages\/31\/revisions\/1263"}],"up":[{"embeddable":true,"href":"https:\/\/ateliermargaux.fr\/index.php\/wp-json\/wp\/v2\/pages\/39"}],"wp:featuredmedia":[{"embeddable":true,"href":"https:\/\/ateliermargaux.fr\/index.php\/wp-json\/wp\/v2\/media\/558"}],"wp:attachment":[{"href":"https:\/\/ateliermargaux.fr\/index.php\/wp-json\/wp\/v2\/media?parent=31"}],"curies":[{"name":"wp","href":"https:\/\/api.w.org\/{rel}","templated":true}]}}