{"id":33,"date":"2015-11-20T18:35:53","date_gmt":"2015-11-20T17:35:53","guid":{"rendered":"http:\/\/margauxathome.com\/?page_id=33"},"modified":"2026-02-27T16:42:54","modified_gmt":"2026-02-27T15:42:54","slug":"catering","status":"publish","type":"page","link":"https:\/\/ateliermargaux.fr\/index.php\/traiteur\/catering\/","title":{"rendered":"Catering"},"content":{"rendered":"<div id=\"ceseinlineContent\" class=\"s16inlineContent\" data-reactid=\".0.$SITE_ROOT.$desktop_siteRoot.$PAGES_CONTAINER.1.1.$SITE_PAGES.$cese.1\">\n<div id=\"igb0htu4\" class=\"s11\" data-reactid=\".0.$SITE_ROOT.$desktop_siteRoot.$PAGES_CONTAINER.1.1.$SITE_PAGES.$cese.1.$igb0htu4\">\n<h3 data-start=\"91\" data-end=\"142\"><span style=\"color: #ba9a6a;\">Atelier Margaux au service des professionnels<\/span><\/h3>\n<p data-start=\"143\" data-end=\"612\">Pour vos <span style=\"color: #ba9a6a;\">cocktails<\/span>, <span style=\"color: #ba9a6a;\">s\u00e9minaires<\/span> ou <span style=\"color: #ba9a6a;\">\u00e9v\u00e9nements d\u2019entreprise<\/span>, nous proposons des menus <span style=\"color: #ba9a6a;\">sur mesure<\/span>, \u00e9labor\u00e9s selon vos envies, la nature de votre \u00e9v\u00e9nement et les <span style=\"color: #ba9a6a;\">produits de saison<\/span>.<\/p>\n<p data-start=\"143\" data-end=\"612\">Nos prestations sont con\u00e7ues pour un minimum de <span style=\"color: #ba9a6a;\">15 personnes<\/span>, avec une attention particuli\u00e8re port\u00e9e \u00e0 <span style=\"color: #ba9a6a;\">chaque d\u00e9tail<\/span> afin de <span style=\"color: #ba9a6a;\">sublimer<\/span> vos rendez-vous professionnels.<\/p>\n<p data-start=\"143\" data-end=\"612\"><a  class=\"pixcode  pixcode--btn  btn\" href=\"https:\/\/carteateliermargaux.my.canva.site\/carte-printemps-ete\" target=\"_blank\">CARTE ATELIER MARGAUX<\/a>\n<p data-start=\"143\" data-end=\"612\">Demandez votre devis via notre page<a href=\"https:\/\/ateliermargaux.fr\/index.php\/contact\/\"> contact<\/a> et offrez \u00e0 vos collaborateurs ou clients une exp\u00e9rience culinaire unique.<\/p>\n<\/div>\n<\/div>\n","protected":false},"excerpt":{"rendered":"<p>Atelier Margaux au service des professionnels Pour vos cocktails, s\u00e9minaires ou \u00e9v\u00e9nements d\u2019entreprise, nous proposons des menus sur mesure, \u00e9labor\u00e9s selon vos envies, la nature de votre \u00e9v\u00e9nement et les produits de saison. Nos prestations sont con\u00e7ues pour un minimum de 15 personnes, avec une attention particuli\u00e8re port\u00e9e \u00e0 chaque d\u00e9tail afin de sublimer vos..<\/p>\n","protected":false},"author":1,"featured_media":1244,"parent":39,"menu_order":0,"comment_status":"closed","ping_status":"closed","template":"","meta":{"footnotes":""},"class_list":["post-33","page","type-page","status-publish","has-post-thumbnail","hentry"],"_links":{"self":[{"href":"https:\/\/ateliermargaux.fr\/index.php\/wp-json\/wp\/v2\/pages\/33","targetHints":{"allow":["GET"]}}],"collection":[{"href":"https:\/\/ateliermargaux.fr\/index.php\/wp-json\/wp\/v2\/pages"}],"about":[{"href":"https:\/\/ateliermargaux.fr\/index.php\/wp-json\/wp\/v2\/types\/page"}],"author":[{"embeddable":true,"href":"https:\/\/ateliermargaux.fr\/index.php\/wp-json\/wp\/v2\/users\/1"}],"replies":[{"embeddable":true,"href":"https:\/\/ateliermargaux.fr\/index.php\/wp-json\/wp\/v2\/comments?post=33"}],"version-history":[{"count":35,"href":"https:\/\/ateliermargaux.fr\/index.php\/wp-json\/wp\/v2\/pages\/33\/revisions"}],"predecessor-version":[{"id":1262,"href":"https:\/\/ateliermargaux.fr\/index.php\/wp-json\/wp\/v2\/pages\/33\/revisions\/1262"}],"up":[{"embeddable":true,"href":"https:\/\/ateliermargaux.fr\/index.php\/wp-json\/wp\/v2\/pages\/39"}],"wp:featuredmedia":[{"embeddable":true,"href":"https:\/\/ateliermargaux.fr\/index.php\/wp-json\/wp\/v2\/media\/1244"}],"wp:attachment":[{"href":"https:\/\/ateliermargaux.fr\/index.php\/wp-json\/wp\/v2\/media?parent=33"}],"curies":[{"name":"wp","href":"https:\/\/api.w.org\/{rel}","templated":true}]}}