{"id":39,"date":"2015-11-20T18:38:01","date_gmt":"2015-11-20T17:38:01","guid":{"rendered":"http:\/\/margauxathome.com\/?page_id=39"},"modified":"2025-08-21T15:04:27","modified_gmt":"2025-08-21T14:04:27","slug":"traiteur","status":"publish","type":"page","link":"https:\/\/ateliermargaux.fr\/index.php\/traiteur\/","title":{"rendered":"Traiteur"},"content":{"rendered":"<h2 class=\"font_2\"><span style=\"color: #ba9a6a;\">TRAITEUR POUR VOS \u00c9V\u00c8NEMENTS<\/span><\/h2>\n<p class=\"font_8\">Nous offrons un <span style=\"color: #ba9a6a;\">service traiteur d\u2019exception<\/span> pour tous vos \u00e9v\u00e9nements : cocktails d\u2019entreprise, anniversaires, bapt\u00eames, communions ou catering.<\/p>\n<p class=\"font_8\">Nos cr\u00e9ations se distinguent par des <span style=\"color: #ba9a6a;\">recettes originales<\/span>, \u00e9labor\u00e9es \u00e0 partir de <span style=\"color: #ba9a6a;\">produits frais, de saison, locaux<\/span> et autant que possible <span style=\"color: #ba9a6a;\">bio ou labellis\u00e9s<\/span>.<\/p>\n<p class=\"font_8\">Chaque menu est <span style=\"color: #ba9a6a;\">con\u00e7u sur mesure<\/span>, avec <span style=\"color: #ba9a6a;\">attention aux moindres d\u00e9tails<\/span> et aux pr\u00e9f\u00e9rences de vos convives, pour un minimum de 15 personnes.<\/p>\n<p class=\"font_8\">Contactez-nous pour un <a href=\"https:\/\/ateliermargaux.fr\/index.php\/contact\/\">devis<\/a> personnalis\u00e9 : nous serons ravis de transformer vos envies en une <span style=\"color: #ba9a6a;\">exp\u00e9rience culinaire unique<\/span>.<\/p>\n","protected":false},"excerpt":{"rendered":"<p>TRAITEUR POUR VOS \u00c9V\u00c8NEMENTS Nous offrons un service traiteur d\u2019exception pour tous vos \u00e9v\u00e9nements : cocktails d\u2019entreprise, anniversaires, bapt\u00eames, communions ou catering. Nos cr\u00e9ations se distinguent par des recettes originales, \u00e9labor\u00e9es \u00e0 partir de produits frais, de saison, locaux et autant que possible bio ou labellis\u00e9s. Chaque menu est con\u00e7u sur mesure, avec attention aux..<\/p>\n","protected":false},"author":1,"featured_media":1247,"parent":0,"menu_order":0,"comment_status":"closed","ping_status":"closed","template":"","meta":{"footnotes":""},"class_list":["post-39","page","type-page","status-publish","has-post-thumbnail","hentry"],"_links":{"self":[{"href":"https:\/\/ateliermargaux.fr\/index.php\/wp-json\/wp\/v2\/pages\/39","targetHints":{"allow":["GET"]}}],"collection":[{"href":"https:\/\/ateliermargaux.fr\/index.php\/wp-json\/wp\/v2\/pages"}],"about":[{"href":"https:\/\/ateliermargaux.fr\/index.php\/wp-json\/wp\/v2\/types\/page"}],"author":[{"embeddable":true,"href":"https:\/\/ateliermargaux.fr\/index.php\/wp-json\/wp\/v2\/users\/1"}],"replies":[{"embeddable":true,"href":"https:\/\/ateliermargaux.fr\/index.php\/wp-json\/wp\/v2\/comments?post=39"}],"version-history":[{"count":11,"href":"https:\/\/ateliermargaux.fr\/index.php\/wp-json\/wp\/v2\/pages\/39\/revisions"}],"predecessor-version":[{"id":1231,"href":"https:\/\/ateliermargaux.fr\/index.php\/wp-json\/wp\/v2\/pages\/39\/revisions\/1231"}],"wp:featuredmedia":[{"embeddable":true,"href":"https:\/\/ateliermargaux.fr\/index.php\/wp-json\/wp\/v2\/media\/1247"}],"wp:attachment":[{"href":"https:\/\/ateliermargaux.fr\/index.php\/wp-json\/wp\/v2\/media?parent=39"}],"curies":[{"name":"wp","href":"https:\/\/api.w.org\/{rel}","templated":true}]}}