{"id":8,"date":"2015-11-20T17:47:42","date_gmt":"2015-11-20T16:47:42","guid":{"rendered":"http:\/\/margauxathome.com\/?page_id=8"},"modified":"2025-08-21T14:16:00","modified_gmt":"2025-08-21T13:16:00","slug":"premier-panneau","status":"publish","type":"page","link":"https:\/\/ateliermargaux.fr\/","title":{"rendered":"Bienvenue"},"content":{"rendered":"<div class=\"pixcode  pixcode--grid  grid  \">\n\n<div class=\"grid__item six-twelfths palm-one-whole \">\n\n<\/p>\n\n\n<figure class=\"wp-block-image size-large\"><a href=\"https:\/\/ateliermargaux.fr\/wp-content\/uploads\/2025\/03\/24-margaux0778-1-scaled.jpg\"><img loading=\"lazy\" decoding=\"async\" width=\"728\" height=\"1024\" src=\"https:\/\/ateliermargaux.fr\/wp-content\/uploads\/2025\/03\/24-margaux0778-1-728x1024.jpg\" alt=\"\" class=\"wp-image-1185\" srcset=\"https:\/\/ateliermargaux.fr\/wp-content\/uploads\/2025\/03\/24-margaux0778-1-728x1024.jpg 728w, https:\/\/ateliermargaux.fr\/wp-content\/uploads\/2025\/03\/24-margaux0778-1-213x300.jpg 213w, https:\/\/ateliermargaux.fr\/wp-content\/uploads\/2025\/03\/24-margaux0778-1-768x1081.jpg 768w, https:\/\/ateliermargaux.fr\/wp-content\/uploads\/2025\/03\/24-margaux0778-1-1092x1536.jpg 1092w, https:\/\/ateliermargaux.fr\/wp-content\/uploads\/2025\/03\/24-margaux0778-1-scaled.jpg 1819w\" sizes=\"auto, (max-width: 728px) 100vw, 728px\" \/><\/a><\/figure>\n\n\n\n<\/div>\n\n<p class=\"font_8\" style=\"text-align: left;\"><div class=\"grid__item six-twelfths palm-one-whole \">\n\n<p class=\"cvGsUA direction-ltr align-justify para-style-body\"><span class=\"OYPEnA text-decoration-none text-strikethrough-none\" style=\"color: #b5a000;\">NOTRE HISTOIRE<\/span><\/p>\n<p class=\"cvGsUA direction-ltr align-justify para-style-body\"><span class=\"a_GcMg font-feature-liga-off font-feature-clig-off font-feature-calt-off text-decoration-none text-strikethrough-none\">Depuis plus de 11 ans, Atelier Margaux \u00e9l\u00e8ve l\u2019art du traiteur dans les Hauts-de-France. Chaque cr\u00e9ation, raffin\u00e9e et gourmande, transforme vos \u00e9v\u00e9nements en souvenirs inoubliables.<\/span><\/p>\n<p><span class=\"OYPEnA text-decoration-none text-strikethrough-none\" style=\"color: #b5a000;\">L&rsquo;ART DU SUR-MESURE<\/span><\/p>\n<p><span class=\"a_GcMg font-feature-liga-off font-feature-clig-off font-feature-calt-off text-decoration-none text-strikethrough-none\">Inspir\u00e9s par vos envies, nous imaginons des menus uniques, mettant en valeur produits de saison, ingr\u00e9dients d\u2019exception et associations audacieuses. Une cuisine sinc\u00e8re, g\u00e9n\u00e9reuse et toujours \u00e9l\u00e9gante.<\/span><\/p>\n<p><span class=\"OYPEnA text-decoration-none text-strikethrough-none\" style=\"color: #b5a000;\">UN SERVICE SIGNATURE<\/span><\/p>\n<p><span class=\"a_GcMg font-feature-liga-off font-feature-clig-off font-feature-calt-off text-decoration-none text-strikethrough-none\">Chefs et \u00e9quipes s\u00e9lectionn\u00e9s avec soin orchestrent vos \u00e9v\u00e9nements de A \u00e0 Z. Service pr\u00e9cis, chaleureux et animations culinaires inattendues : chaque d\u00e9tail est pens\u00e9 pour \u00e9merveiller.<\/span><\/p>\n<p><span class=\"OYPEnA text-decoration-none text-strikethrough-none\" style=\"color: #b5a000;\">NOTRE ENGAGEMENT<\/span><\/p>\n<p><span class=\"a_GcMg font-feature-liga-off font-feature-clig-off font-feature-calt-off text-decoration-none text-strikethrough-none\">Passion, cr\u00e9ativit\u00e9 et exigence guident chacune de nos r\u00e9alisations. Du produit \u00e0 la pr\u00e9sentation, tout est choisi avec soin pour offrir une exp\u00e9rience raffin\u00e9e, unique et m\u00e9morable.<\/span><\/p>\n<p class=\"font_8\" style=\"text-align: left;\">Nos prestations sont r\u00e9alis\u00e9es pour <span style=\"color: #b5a043;\">UN MINIMUM DE 15 PERSONNES<\/span><\/p>\n<p class=\"font_8\" style=\"text-align: left;\">Rendez-vous sur la page <a href=\"http:\/\/margauxathome.com\/index.php\/contact\/\">contact<\/a> si vous souhaitez obtenir un devis, nous nous ferons un plaisir de vous r\u00e9pondre.<\/p>\n<p class=\"font_8\" style=\"text-align: left;\">L&rsquo;\u00e9quipe Atelier Margaux<\/p>\n<p class=\"font_8\" style=\"text-align: left;\">\n<\/div>\n\n\n<\/div>\n","protected":false},"excerpt":{"rendered":"","protected":false},"author":1,"featured_media":135,"parent":0,"menu_order":0,"comment_status":"closed","ping_status":"closed","template":"","meta":{"footnotes":""},"class_list":["post-8","page","type-page","status-publish","has-post-thumbnail","hentry"],"_links":{"self":[{"href":"https:\/\/ateliermargaux.fr\/index.php\/wp-json\/wp\/v2\/pages\/8","targetHints":{"allow":["GET"]}}],"collection":[{"href":"https:\/\/ateliermargaux.fr\/index.php\/wp-json\/wp\/v2\/pages"}],"about":[{"href":"https:\/\/ateliermargaux.fr\/index.php\/wp-json\/wp\/v2\/types\/page"}],"author":[{"embeddable":true,"href":"https:\/\/ateliermargaux.fr\/index.php\/wp-json\/wp\/v2\/users\/1"}],"replies":[{"embeddable":true,"href":"https:\/\/ateliermargaux.fr\/index.php\/wp-json\/wp\/v2\/comments?post=8"}],"version-history":[{"count":65,"href":"https:\/\/ateliermargaux.fr\/index.php\/wp-json\/wp\/v2\/pages\/8\/revisions"}],"predecessor-version":[{"id":1219,"href":"https:\/\/ateliermargaux.fr\/index.php\/wp-json\/wp\/v2\/pages\/8\/revisions\/1219"}],"wp:featuredmedia":[{"embeddable":true,"href":"https:\/\/ateliermargaux.fr\/index.php\/wp-json\/wp\/v2\/media\/135"}],"wp:attachment":[{"href":"https:\/\/ateliermargaux.fr\/index.php\/wp-json\/wp\/v2\/media?parent=8"}],"curies":[{"name":"wp","href":"https:\/\/api.w.org\/{rel}","templated":true}]}}